{"id":332,"date":"2023-10-10T09:59:02","date_gmt":"2023-10-10T09:59:02","guid":{"rendered":"https:\/\/enricpujolart.com\/?page_id=332"},"modified":"2023-10-12T09:22:24","modified_gmt":"2023-10-12T09:22:24","slug":"jormungandr-bracers","status":"publish","type":"page","link":"https:\/\/enricpujolart.com\/?page_id=332","title":{"rendered":"J\u00f6rmungandr Bracers"},"content":{"rendered":"\n<div style=\"height:60px\" aria-hidden=\"true\" class=\"wp-block-spacer\"><\/div>\n\n\n\n<div class=\"wp-block-columns is-layout-flex wp-container-core-columns-is-layout-9d6595d7 wp-block-columns-is-layout-flex\">\n<div class=\"wp-block-column is-layout-flow wp-block-column-is-layout-flow\">\n<div class=\"wp-block-group alignfull\" style=\"padding-top:var(--wp--preset--spacing--30);padding-right:var(--wp--preset--spacing--30);padding-bottom:var(--wp--preset--spacing--30);padding-left:var(--wp--preset--spacing--30)\"><div class=\"wp-block-group__inner-container is-layout-constrained wp-container-core-group-is-layout-97875daf wp-block-group-is-layout-constrained\">\n<div class=\"wp-block-group alignwide is-content-justification-space-between is-layout-flex wp-container-core-group-is-layout-256aec57 wp-block-group-is-layout-flex\">\n<div class=\"wp-block-group is-layout-flex wp-block-group-is-layout-flex\"><div class=\"is-default-size wp-block-site-logo\"><a href=\"https:\/\/enricpujolart.com\/\" class=\"custom-logo-link\" rel=\"home\"><img loading=\"lazy\" decoding=\"async\" width=\"287\" height=\"257\" src=\"https:\/\/enricpujolart.com\/wp-content\/uploads\/2023\/02\/logo.jpg\" class=\"custom-logo\" alt=\"Enric Pujol\" sizes=\"auto, 100vw\" \/><\/a><\/div>\n\n<h1 class=\"has-link-color wp-elements-d6202aa7d337f2ce08aedc8ed261a84e wp-block-site-title\"><a href=\"https:\/\/enricpujolart.com\" target=\"_self\" rel=\"home\">Enric Pujol<\/a><\/h1><\/div>\n\n\n<nav class=\"is-responsive items-justified-right wp-block-navigation is-content-justification-right is-layout-flex wp-container-core-navigation-is-layout-3817c3ed wp-block-navigation-is-layout-flex\" aria-label=\"Navigation\" \n\t\t data-wp-interactive=\"core\/navigation\" data-wp-context='{\"overlayOpenedBy\":{\"click\":false,\"hover\":false,\"focus\":false},\"type\":\"overlay\",\"roleAttribute\":\"\",\"ariaLabel\":\"Menu\"}'><button aria-haspopup=\"dialog\" aria-label=\"Open menu\" class=\"wp-block-navigation__responsive-container-open\" \n\t\t\t\tdata-wp-on--click=\"actions.openMenuOnClick\"\n\t\t\t\tdata-wp-on--keydown=\"actions.handleMenuKeydown\"\n\t\t\t><svg width=\"24\" height=\"24\" xmlns=\"http:\/\/www.w3.org\/2000\/svg\" viewBox=\"0 0 24 24\" aria-hidden=\"true\" focusable=\"false\"><path d=\"M4 7.5h16v1.5H4z\"><\/path><path d=\"M4 15h16v1.5H4z\"><\/path><\/svg><\/button>\n\t\t\t\t<div class=\"wp-block-navigation__responsive-container\"  id=\"modal-1\" \n\t\t\t\tdata-wp-class--has-modal-open=\"state.isMenuOpen\"\n\t\t\t\tdata-wp-class--is-menu-open=\"state.isMenuOpen\"\n\t\t\t\tdata-wp-watch=\"callbacks.initMenu\"\n\t\t\t\tdata-wp-on--keydown=\"actions.handleMenuKeydown\"\n\t\t\t\tdata-wp-on--focusout=\"actions.handleMenuFocusout\"\n\t\t\t\ttabindex=\"-1\"\n\t\t\t>\n\t\t\t\t\t<div class=\"wp-block-navigation__responsive-close\" tabindex=\"-1\">\n\t\t\t\t\t\t<div class=\"wp-block-navigation__responsive-dialog\" \n\t\t\t\tdata-wp-bind--aria-modal=\"state.ariaModal\"\n\t\t\t\tdata-wp-bind--aria-label=\"state.ariaLabel\"\n\t\t\t\tdata-wp-bind--role=\"state.roleAttribute\"\n\t\t\t>\n\t\t\t\t\t\t\t<button aria-label=\"Close menu\" class=\"wp-block-navigation__responsive-container-close\" \n\t\t\t\tdata-wp-on--click=\"actions.closeMenuOnClick\"\n\t\t\t><svg xmlns=\"http:\/\/www.w3.org\/2000\/svg\" viewBox=\"0 0 24 24\" width=\"24\" height=\"24\" aria-hidden=\"true\" focusable=\"false\"><path d=\"m13.06 12 6.47-6.47-1.06-1.06L12 10.94 5.53 4.47 4.47 5.53 10.94 12l-6.47 6.47 1.06 1.06L12 13.06l6.47 6.47 1.06-1.06L13.06 12Z\"><\/path><\/svg><\/button>\n\t\t\t\t\t\t\t<div class=\"wp-block-navigation__responsive-container-content\" \n\t\t\t\tdata-wp-watch=\"callbacks.focusFirstElement\"\n\t\t\t id=\"modal-1-content\">\n\t\t\t\t\t\t\t\t<ul class=\"wp-block-navigation__container is-responsive items-justified-right wp-block-navigation\"><li class=\" wp-block-navigation-item wp-block-navigation-link\"><a class=\"wp-block-navigation-item__content\"  href=\"https:\/\/enricpujolart.com\/\"><span class=\"wp-block-navigation-item__label\">LET YOUR JOURNEY BEGIN<\/span><\/a><\/li><li class=\" wp-block-navigation-item wp-block-navigation-link\"><a class=\"wp-block-navigation-item__content\"  href=\"https:\/\/enricpujolart.com\/?page_id=1179\"><span class=\"wp-block-navigation-item__label\">Catalogue<\/span><\/a><\/li><li class=\" wp-block-navigation-item wp-block-navigation-link\"><a class=\"wp-block-navigation-item__content\"  href=\"https:\/\/enricpujolart.com\/?page_id=215\"><span class=\"wp-block-navigation-item__label\">About us<\/span><\/a><\/li><li class=\" wp-block-navigation-item wp-block-navigation-link\"><a class=\"wp-block-navigation-item__content\"  href=\"https:\/\/enricpujolart.com\/?page_id=207\"><span class=\"wp-block-navigation-item__label\">FAQS<\/span><\/a><\/li><li class=\" wp-block-navigation-item wp-block-navigation-link\"><a class=\"wp-block-navigation-item__content\"  href=\"https:\/\/enricpujolart.com\/?page_id=11\"><span class=\"wp-block-navigation-item__label\">Contact<\/span><\/a><\/li><\/ul>\n\t\t\t\t\t\t\t<\/div>\n\t\t\t\t\t\t<\/div>\n\t\t\t\t\t<\/div>\n\t\t\t\t<\/div><\/nav><\/div>\n\n\n\n<div style=\"height:19px\" aria-hidden=\"true\" class=\"wp-block-spacer\"><\/div>\n<\/div><\/div>\n<\/div>\n<\/div>\n\n\n\n<div class=\"wp-block-columns is-layout-flex wp-container-core-columns-is-layout-9d6595d7 wp-block-columns-is-layout-flex\">\n<div class=\"wp-block-column is-layout-flow wp-block-column-is-layout-flow\">\n<div style=\"height:60px\" aria-hidden=\"true\" class=\"wp-block-spacer\"><\/div>\n<\/div>\n\n\n\n<div class=\"wp-block-column is-layout-flow wp-block-column-is-layout-flow\" style=\"flex-basis:100%\">\n<h2 class=\"wp-block-heading\">J\u00d6RMUNGANDR BRACERS<\/h2>\n\n\n\n<p><\/p>\n\n\n\n<div class=\"alignnormal\"><div id=\"metaslider-id-565\" style=\"width: 100%;\" class=\"ml-slider-3-108-0 metaslider metaslider-flex metaslider-565 ml-slider has-dots-nav ms-theme-outline\" role=\"region\" aria-label=\"Joemungandr Bracers\" data-height=\"1920\" data-width=\"2560\">\n    <div id=\"metaslider_container_565\">\n        <div id=\"metaslider_565\">\n            <ul class='slides'>\n                <li style=\"display: block; width: 100%;\" class=\"slide-611 ms-image \" aria-roledescription=\"slide\" data-date=\"2023-10-12 08:27:29\" data-filename=\"DSC09704-scaled-1707x1280.jpg\" data-slide-type=\"image\"><img loading=\"lazy\" decoding=\"async\" src=\"https:\/\/enricpujolart.com\/wp-content\/uploads\/2023\/10\/DSC09704-scaled-1707x1280.jpg\" height=\"1920\" width=\"2560\" alt=\"\" class=\"slider-565 slide-611 msDefaultImage\" title=\"DSC09704\" \/><\/li>\n                <li style=\"display: none; width: 100%;\" class=\"slide-612 ms-image \" aria-roledescription=\"slide\" data-date=\"2023-10-12 08:27:37\" data-filename=\"DSC09711-scaled-1707x1280.jpg\" data-slide-type=\"image\"><img loading=\"lazy\" decoding=\"async\" src=\"https:\/\/enricpujolart.com\/wp-content\/uploads\/2023\/10\/DSC09711-scaled-1707x1280.jpg\" height=\"1920\" width=\"2560\" alt=\"\" class=\"slider-565 slide-612 msDefaultImage\" title=\"DSC09711\" \/><\/li>\n                <li style=\"display: none; width: 100%;\" class=\"slide-613 ms-image \" aria-roledescription=\"slide\" data-date=\"2023-10-12 08:27:48\" data-filename=\"DSC09689-scaled-1707x1280.jpg\" data-slide-type=\"image\"><img loading=\"lazy\" decoding=\"async\" src=\"https:\/\/enricpujolart.com\/wp-content\/uploads\/2023\/10\/DSC09689-scaled-1707x1280.jpg\" height=\"1920\" width=\"2560\" alt=\"\" class=\"slider-565 slide-613 msDefaultImage\" title=\"DSC09689\" \/><\/li>\n                <li style=\"display: none; width: 100%;\" class=\"slide-614 ms-image \" aria-roledescription=\"slide\" data-date=\"2023-10-12 08:28:00\" data-filename=\"DSC09706-scaled-1707x1280.jpg\" data-slide-type=\"image\"><img loading=\"lazy\" decoding=\"async\" src=\"https:\/\/enricpujolart.com\/wp-content\/uploads\/2023\/10\/DSC09706-scaled-1707x1280.jpg\" height=\"1920\" width=\"2560\" alt=\"\" class=\"slider-565 slide-614 msDefaultImage\" title=\"DSC09706\" \/><\/li>\n            <\/ul>\n        <\/div>\n        \n    <\/div>\n<\/div><\/div>\n<\/div>\n<\/div>\n\n\n\n<div style=\"height:56px\" aria-hidden=\"true\" class=\"wp-block-spacer\"><\/div>\n\n\n\n<div class=\"wp-block-columns is-layout-flex wp-container-core-columns-is-layout-9d6595d7 wp-block-columns-is-layout-flex\">\n<div class=\"wp-block-column is-layout-flow wp-block-column-is-layout-flow\">\n<div class=\"wp-block-columns is-layout-flex wp-container-core-columns-is-layout-9d6595d7 wp-block-columns-is-layout-flex\">\n<div class=\"wp-block-column is-layout-flow wp-block-column-is-layout-flow\">\n<p><\/p>\n\n\n\n<p>Die J\u00f6rmungandr Armschienen bestehen aus 3mm handgef\u00e4rbtem Naturleder. Diese Armschienen sind angelehnt an die gro\u00dfe Schlangenmythologie. Eine ganz andere Herangehensweise an Armschienen und definitiv ein einzigartiges St\u00fcck.<\/p>\n\n\n\n<h5 class=\"wp-block-heading\">Price: <strong>330,00 \u20ac<\/strong><\/h5>\n<\/div>\n\n\n\n<div class=\"wp-block-column is-layout-flow wp-block-column-is-layout-flow\"><div class=\"wpforms-container wpforms-container-full wpforms-block wpforms-block-b8ffccba-3325-455e-8fa4-fff59155cb77\" id=\"wpforms-273\"><form id=\"wpforms-form-273\" class=\"wpforms-validate wpforms-form wpforms-ajax-form\" data-formid=\"273\" method=\"post\" enctype=\"multipart\/form-data\" action=\"\/index.php?rest_route=%2Fwp%2Fv2%2Fpages%2F332\" data-token=\"caa64e3d4315339d670075a9f0987349\" data-token-time=\"1776421191\"><noscript class=\"wpforms-error-noscript\">Please enable JavaScript in your browser to complete this form.<\/noscript><div class=\"wpforms-field-container\"><div id=\"wpforms-273-field_0-container\" class=\"wpforms-field wpforms-field-name\" data-field-id=\"0\"><label class=\"wpforms-field-label\">Name <span class=\"wpforms-required-label\">*<\/span><\/label><div class=\"wpforms-field-row wpforms-field-medium\"><div class=\"wpforms-field-row-block wpforms-first wpforms-one-half\"><input type=\"text\" id=\"wpforms-273-field_0\" class=\"wpforms-field-name-first wpforms-field-required\" name=\"wpforms[fields][0][first]\" required><label for=\"wpforms-273-field_0\" class=\"wpforms-field-sublabel after\">First<\/label><\/div><div class=\"wpforms-field-row-block wpforms-one-half\"><input type=\"text\" id=\"wpforms-273-field_0-last\" class=\"wpforms-field-name-last wpforms-field-required\" name=\"wpforms[fields][0][last]\" required><label for=\"wpforms-273-field_0-last\" class=\"wpforms-field-sublabel after\">Last<\/label><\/div><\/div><\/div><div id=\"wpforms-273-field_1-container\" class=\"wpforms-field wpforms-field-email\" data-field-id=\"1\"><label class=\"wpforms-field-label\" for=\"wpforms-273-field_1\">Email <span class=\"wpforms-required-label\">*<\/span><\/label><input type=\"email\" id=\"wpforms-273-field_1\" class=\"wpforms-field-medium wpforms-field-required\" name=\"wpforms[fields][1]\" spellcheck=\"false\" required><\/div><div id=\"wpforms-273-field_4-container\" class=\"wpforms-field wpforms-field-select wpforms-field-select-style-modern\" data-field-id=\"4\"><label class=\"wpforms-field-label\" for=\"wpforms-273-field_4\">Please select your product <span class=\"wpforms-required-label\">*<\/span><\/label><select id=\"wpforms-273-field_4\" class=\"wpforms-field-medium wpforms-field-required choicesjs-select\" data-size-class=\"wpforms-field-row wpforms-field-medium\" data-search-enabled=\"\" name=\"wpforms[fields][4]\" required=\"required\"><option value=\"\" class=\"placeholder\" disabled  selected='selected'>&#8211; Please select &#8211;<\/option><option value=\"Product A\"  class=\"choice-1 depth-1\"  >Product A<\/option><option value=\"Product B\"  class=\"choice-2 depth-1\"  >Product B<\/option><option value=\"Product C\"  class=\"choice-3 depth-1\"  >Product C<\/option><\/select><\/div><div id=\"wpforms-273-field_3-container\" class=\"wpforms-field wpforms-field-text\" data-field-id=\"3\"><label class=\"wpforms-field-label\" for=\"wpforms-273-field_3\">What would you like us to add? <span class=\"wpforms-required-label\">*<\/span><\/label><input type=\"text\" id=\"wpforms-273-field_3\" class=\"wpforms-field-medium wpforms-field-required\" name=\"wpforms[fields][3]\" required><\/div><div id=\"wpforms-273-field_2-container\" class=\"wpforms-field wpforms-field-textarea\" data-field-id=\"2\"><label class=\"wpforms-field-label\" for=\"wpforms-273-field_2\">Please explain how you&#039;d like this feature to work <span class=\"wpforms-required-label\">*<\/span><\/label><textarea id=\"wpforms-273-field_2\" class=\"wpforms-field-medium wpforms-field-required\" name=\"wpforms[fields][2]\" required><\/textarea><\/div><\/div><!-- .wpforms-field-container --><div class=\"wpforms-submit-container\" ><input type=\"hidden\" name=\"wpforms[id]\" value=\"273\"><input type=\"hidden\" name=\"page_title\" value=\"\"><input type=\"hidden\" name=\"page_url\" value=\"https:\/\/enricpujolart.com\/index.php?rest_route=\/wp\/v2\/pages\/332\"><input type=\"hidden\" name=\"url_referer\" value=\"\"><button type=\"submit\" name=\"wpforms[submit]\" id=\"wpforms-submit-273\" class=\"wpforms-submit\" data-alt-text=\"Sending...\" data-submit-text=\"Submit\" aria-live=\"assertive\" value=\"wpforms-submit\">Submit<\/button><img loading=\"lazy\" decoding=\"async\" src=\"https:\/\/enricpujolart.com\/wp-content\/plugins\/wpforms-lite\/assets\/images\/submit-spin.svg\" class=\"wpforms-submit-spinner\" style=\"display: none;\" width=\"26\" height=\"26\" alt=\"Loading\"><\/div><\/form><\/div>  <!-- .wpforms-container --><\/div>\n<\/div>\n<\/div>\n<\/div>\n","protected":false},"excerpt":{"rendered":"<p>J\u00d6RMUNGANDR BRACERS Die J\u00f6rmungandr Armschienen bestehen aus 3mm handgef\u00e4rbtem Naturleder. Diese Armschienen sind angelehnt an die gro\u00dfe Schlangenmythologie. Eine ganz andere Herangehensweise an Armschienen und definitiv ein einzigartiges St\u00fcck. Price: 330,00 \u20ac<\/p>\n","protected":false},"author":1,"featured_media":0,"parent":0,"menu_order":1,"comment_status":"closed","ping_status":"closed","template":"blank","meta":{"_eb_attr":"","footnotes":""},"class_list":["post-332","page","type-page","status-publish","hentry"],"yoast_head":"<!-- This site is optimized with the Yoast SEO plugin v27.4 - https:\/\/yoast.com\/product\/yoast-seo-wordpress\/ -->\n<title>J\u00f6rmungandr Bracers - Enric Pujol<\/title>\n<meta name=\"robots\" content=\"index, follow, max-snippet:-1, max-image-preview:large, max-video-preview:-1\" \/>\n<link rel=\"canonical\" href=\"https:\/\/enricpujolart.com\/?page_id=332\" \/>\n<meta property=\"og:locale\" content=\"en_US\" \/>\n<meta property=\"og:type\" content=\"article\" \/>\n<meta property=\"og:title\" content=\"J\u00f6rmungandr Bracers - Enric Pujol\" \/>\n<meta property=\"og:description\" content=\"J\u00d6RMUNGANDR BRACERS Die J\u00f6rmungandr Armschienen bestehen aus 3mm handgef\u00e4rbtem Naturleder. Diese Armschienen sind angelehnt an die gro\u00dfe Schlangenmythologie. Eine ganz andere Herangehensweise an Armschienen und definitiv ein einzigartiges St\u00fcck. Price: 330,00 \u20ac\" \/>\n<meta property=\"og:url\" content=\"https:\/\/enricpujolart.com\/?page_id=332\" \/>\n<meta property=\"og:site_name\" content=\"Enric Pujol\" \/>\n<meta property=\"article:modified_time\" content=\"2023-10-12T09:22:24+00:00\" \/>\n<meta name=\"twitter:card\" content=\"summary_large_image\" \/>\n<meta name=\"twitter:label1\" content=\"Est. reading time\" \/>\n\t<meta name=\"twitter:data1\" content=\"1 minute\" \/>\n<script type=\"application\/ld+json\" class=\"yoast-schema-graph\">{\"@context\":\"https:\\\/\\\/schema.org\",\"@graph\":[{\"@type\":\"WebPage\",\"@id\":\"https:\\\/\\\/enricpujolart.com\\\/?page_id=332\",\"url\":\"https:\\\/\\\/enricpujolart.com\\\/?page_id=332\",\"name\":\"J\u00f6rmungandr Bracers - Enric Pujol\",\"isPartOf\":{\"@id\":\"https:\\\/\\\/enricpujolart.com\\\/#website\"},\"datePublished\":\"2023-10-10T09:59:02+00:00\",\"dateModified\":\"2023-10-12T09:22:24+00:00\",\"breadcrumb\":{\"@id\":\"https:\\\/\\\/enricpujolart.com\\\/?page_id=332#breadcrumb\"},\"inLanguage\":\"en\",\"potentialAction\":[{\"@type\":\"ReadAction\",\"target\":[\"https:\\\/\\\/enricpujolart.com\\\/?page_id=332\"]}]},{\"@type\":\"BreadcrumbList\",\"@id\":\"https:\\\/\\\/enricpujolart.com\\\/?page_id=332#breadcrumb\",\"itemListElement\":[{\"@type\":\"ListItem\",\"position\":1,\"name\":\"Home\",\"item\":\"https:\\\/\\\/enricpujolart.com\\\/\"},{\"@type\":\"ListItem\",\"position\":2,\"name\":\"J\u00f6rmungandr Bracers\"}]},{\"@type\":\"WebSite\",\"@id\":\"https:\\\/\\\/enricpujolart.com\\\/#website\",\"url\":\"https:\\\/\\\/enricpujolart.com\\\/\",\"name\":\"Enric Pujol\",\"description\":\"Where the adventures begins\",\"publisher\":{\"@id\":\"https:\\\/\\\/enricpujolart.com\\\/#organization\"},\"potentialAction\":[{\"@type\":\"SearchAction\",\"target\":{\"@type\":\"EntryPoint\",\"urlTemplate\":\"https:\\\/\\\/enricpujolart.com\\\/?s={search_term_string}\"},\"query-input\":{\"@type\":\"PropertyValueSpecification\",\"valueRequired\":true,\"valueName\":\"search_term_string\"}}],\"inLanguage\":\"en\"},{\"@type\":\"Organization\",\"@id\":\"https:\\\/\\\/enricpujolart.com\\\/#organization\",\"name\":\"Enric Pujol\",\"url\":\"https:\\\/\\\/enricpujolart.com\\\/\",\"logo\":{\"@type\":\"ImageObject\",\"inLanguage\":\"en\",\"@id\":\"https:\\\/\\\/enricpujolart.com\\\/#\\\/schema\\\/logo\\\/image\\\/\",\"url\":\"https:\\\/\\\/enricpujolart.com\\\/wp-content\\\/uploads\\\/2023\\\/02\\\/logo.jpg\",\"contentUrl\":\"https:\\\/\\\/enricpujolart.com\\\/wp-content\\\/uploads\\\/2023\\\/02\\\/logo.jpg\",\"width\":287,\"height\":257,\"caption\":\"Enric Pujol\"},\"image\":{\"@id\":\"https:\\\/\\\/enricpujolart.com\\\/#\\\/schema\\\/logo\\\/image\\\/\"}}]}<\/script>\n<!-- \/ Yoast SEO plugin. -->","yoast_head_json":{"title":"J\u00f6rmungandr Bracers - Enric Pujol","robots":{"index":"index","follow":"follow","max-snippet":"max-snippet:-1","max-image-preview":"max-image-preview:large","max-video-preview":"max-video-preview:-1"},"canonical":"https:\/\/enricpujolart.com\/?page_id=332","og_locale":"en_US","og_type":"article","og_title":"J\u00f6rmungandr Bracers - Enric Pujol","og_description":"J\u00d6RMUNGANDR BRACERS Die J\u00f6rmungandr Armschienen bestehen aus 3mm handgef\u00e4rbtem Naturleder. Diese Armschienen sind angelehnt an die gro\u00dfe Schlangenmythologie. Eine ganz andere Herangehensweise an Armschienen und definitiv ein einzigartiges St\u00fcck. Price: 330,00 \u20ac","og_url":"https:\/\/enricpujolart.com\/?page_id=332","og_site_name":"Enric Pujol","article_modified_time":"2023-10-12T09:22:24+00:00","twitter_card":"summary_large_image","twitter_misc":{"Est. reading time":"1 minute"},"schema":{"@context":"https:\/\/schema.org","@graph":[{"@type":"WebPage","@id":"https:\/\/enricpujolart.com\/?page_id=332","url":"https:\/\/enricpujolart.com\/?page_id=332","name":"J\u00f6rmungandr Bracers - Enric Pujol","isPartOf":{"@id":"https:\/\/enricpujolart.com\/#website"},"datePublished":"2023-10-10T09:59:02+00:00","dateModified":"2023-10-12T09:22:24+00:00","breadcrumb":{"@id":"https:\/\/enricpujolart.com\/?page_id=332#breadcrumb"},"inLanguage":"en","potentialAction":[{"@type":"ReadAction","target":["https:\/\/enricpujolart.com\/?page_id=332"]}]},{"@type":"BreadcrumbList","@id":"https:\/\/enricpujolart.com\/?page_id=332#breadcrumb","itemListElement":[{"@type":"ListItem","position":1,"name":"Home","item":"https:\/\/enricpujolart.com\/"},{"@type":"ListItem","position":2,"name":"J\u00f6rmungandr Bracers"}]},{"@type":"WebSite","@id":"https:\/\/enricpujolart.com\/#website","url":"https:\/\/enricpujolart.com\/","name":"Enric Pujol","description":"Where the adventures begins","publisher":{"@id":"https:\/\/enricpujolart.com\/#organization"},"potentialAction":[{"@type":"SearchAction","target":{"@type":"EntryPoint","urlTemplate":"https:\/\/enricpujolart.com\/?s={search_term_string}"},"query-input":{"@type":"PropertyValueSpecification","valueRequired":true,"valueName":"search_term_string"}}],"inLanguage":"en"},{"@type":"Organization","@id":"https:\/\/enricpujolart.com\/#organization","name":"Enric Pujol","url":"https:\/\/enricpujolart.com\/","logo":{"@type":"ImageObject","inLanguage":"en","@id":"https:\/\/enricpujolart.com\/#\/schema\/logo\/image\/","url":"https:\/\/enricpujolart.com\/wp-content\/uploads\/2023\/02\/logo.jpg","contentUrl":"https:\/\/enricpujolart.com\/wp-content\/uploads\/2023\/02\/logo.jpg","width":287,"height":257,"caption":"Enric Pujol"},"image":{"@id":"https:\/\/enricpujolart.com\/#\/schema\/logo\/image\/"}}]}},"_links":{"self":[{"href":"https:\/\/enricpujolart.com\/index.php?rest_route=\/wp\/v2\/pages\/332","targetHints":{"allow":["GET"]}}],"collection":[{"href":"https:\/\/enricpujolart.com\/index.php?rest_route=\/wp\/v2\/pages"}],"about":[{"href":"https:\/\/enricpujolart.com\/index.php?rest_route=\/wp\/v2\/types\/page"}],"author":[{"embeddable":true,"href":"https:\/\/enricpujolart.com\/index.php?rest_route=\/wp\/v2\/users\/1"}],"replies":[{"embeddable":true,"href":"https:\/\/enricpujolart.com\/index.php?rest_route=%2Fwp%2Fv2%2Fcomments&post=332"}],"version-history":[{"count":24,"href":"https:\/\/enricpujolart.com\/index.php?rest_route=\/wp\/v2\/pages\/332\/revisions"}],"predecessor-version":[{"id":747,"href":"https:\/\/enricpujolart.com\/index.php?rest_route=\/wp\/v2\/pages\/332\/revisions\/747"}],"wp:attachment":[{"href":"https:\/\/enricpujolart.com\/index.php?rest_route=%2Fwp%2Fv2%2Fmedia&parent=332"}],"curies":[{"name":"wp","href":"https:\/\/api.w.org\/{rel}","templated":true}]}}